{"id":1032,"date":"2022-09-06T15:31:29","date_gmt":"2022-09-06T14:31:29","guid":{"rendered":"https:\/\/thedukehotel.nl\/standorte\/"},"modified":"2023-08-20T15:57:59","modified_gmt":"2023-08-20T14:57:59","slug":"standorte","status":"publish","type":"page","link":"https:\/\/thedukehotel.nl\/de\/standorte\/","title":{"rendered":"Standorte"},"content":{"rendered":"<p>[et_pb_section fb_built=&#8220;1&#8243; admin_label=&#8220;Neighborhoods&#8220; module_id=&#8220;Standort&#8220; module_class=&#8220;location&#8220; _builder_version=&#8220;4.18.0&#8243; _module_preset=&#8220;default&#8220; custom_padding=&#8220;0px||0px||true|&#8220; global_colors_info=&#8220;{}&#8220;][et_pb_row column_structure=&#8220;1_2,1_2&#8243; use_custom_gutter=&#8220;on&#8220; gutter_width=&#8220;1&#8243; make_equal=&#8220;on&#8220; _builder_version=&#8220;4.18.0&#8243; _module_preset=&#8220;default&#8220; width=&#8220;100%&#8220; max_width=&#8220;none&#8220; custom_padding=&#8220;0px||0px||true|false&#8220; hover_enabled=&#8220;0&#8243; global_colors_info=&#8220;{}&#8220; sticky_enabled=&#8220;0&#8243;][et_pb_column type=&#8220;1_2&#8243; _builder_version=&#8220;4.18.0&#8243; _module_preset=&#8220;default&#8220; use_background_color_gradient=&#8220;on&#8220; background_color_gradient_stops=&#8220;rgba(0,0,0,0.3) 0%|rgba(0,0,0,0.3) 100%&#8220; background_color_gradient_overlays_image=&#8220;on&#8220; background_image=&#8220;https:\/\/thedukehotel.nl\/wp-content\/uploads\/2022\/09\/image7.jpeg&#8220; custom_padding=&#8220;20%|4%|20%|4%|true|true&#8220; link_option_url=&#8220;https:\/\/thedukeapartments.nl\/en&#8220; link_option_url_new_window=&#8220;on&#8220; global_colors_info=&#8220;{}&#8220; background__hover_enabled=&#8220;on|hover&#8220; background_color_gradient_stops__hover=&#8220;rgba(0,0,0,0.3) 0%|rgba(0,0,0,0.8) 100%&#8220; use_background_color_gradient__hover=&#8220;on&#8220;][et_pb_text content_tablet=&#8220;<\/p>\n<h3>the duke apartments<\/h3>\n<p>&#8220; content_phone=&#8220;<\/p>\n<h3>the duke apartments<\/h3>\n<p>&#8220; content_last_edited=&#8220;on|desktop&#8220; _builder_version=&#8220;4.18.0&#8243; _module_preset=&#8220;aaa7c440-590a-4078-ae0c-0f3c699ac51c&#8220; header_font=&#8220;||||||||&#8220; header_3_font=&#8220;Migha|700||on|||||&#8220; header_3_text_color=&#8220;#F6F2EB&#8220; header_3_font_size=&#8220;16px&#8220; header_3_letter_spacing=&#8220;3px&#8220; header_3_line_height=&#8220;1.4em&#8220; text_orientation=&#8220;center&#8220; custom_padding=&#8220;0px||0px||true|false&#8220; custom_padding_tablet=&#8220;0px||0px||true|false&#8220; custom_padding_phone=&#8220;0px||0px||true|false&#8220; custom_padding_last_edited=&#8220;on|desktop&#8220; header_3_font_size_tablet=&#8220;20px&#8220; header_3_font_size_phone=&#8220;16px&#8220; header_3_font_size_last_edited=&#8220;on|phone&#8220; locked=&#8220;off&#8220; global_colors_info=&#8220;{}&#8220;]<\/p>\n<h3>the duke apartments<\/h3>\n<p>[\/et_pb_text][et_pb_text content_tablet=&#8220;<\/p>\n<h3>home away from home<\/h3>\n<p>&#8220; content_phone=&#8220;<\/p>\n<h3>home away from home<\/h3>\n<p>&#8220; content_last_edited=&#8220;on|desktop&#8220; _builder_version=&#8220;4.18.0&#8243; _module_preset=&#8220;aaa7c440-590a-4078-ae0c-0f3c699ac51c&#8220; header_font=&#8220;||||||||&#8220; header_3_font=&#8220;Mukta|700||on|||||&#8220; header_3_text_color=&#8220;#F6F2EB&#8220; header_3_font_size=&#8220;14px&#8220; header_3_letter_spacing=&#8220;3px&#8220; header_3_line_height=&#8220;1.4em&#8220; text_orientation=&#8220;center&#8220; custom_padding=&#8220;0px||20px||false|false&#8220; header_3_font_size_tablet=&#8220;20px&#8220; header_3_font_size_phone=&#8220;16px&#8220; header_3_font_size_last_edited=&#8220;on|phone&#8220; locked=&#8220;off&#8220; global_colors_info=&#8220;{}&#8220;]<\/p>\n<h3>home away from home<\/h3>\n<p>[\/et_pb_text][et_pb_text _builder_version=&#8220;4.18.0&#8243; _module_preset=&#8220;1f09816e-184e-4ce5-a4cf-b39c52c423ca&#8220; text_font=&#8220;Mukta||||||||&#8220; text_text_color=&#8220;#FFFFFF&#8220; text_font_size=&#8220;12px&#8220; text_line_height=&#8220;1.8em&#8220; text_orientation=&#8220;center&#8220; custom_margin=&#8220;||50px|||&#8220; text_font_size_tablet=&#8220;15px&#8220; text_font_size_phone=&#8220;14px&#8220; text_font_size_last_edited=&#8220;on|phone&#8220; header_font_size_tablet=&#8220;55px&#8220; header_font_size_last_edited=&#8220;off|desktop&#8220; global_colors_info=&#8220;{}&#8220;]&#8220;A home away from home&#8220; Sechs voll ausgestattete Design-Apartments im Herzen unseres historischen Zentrums, die Erweiterung des The Duke Hotel. Der ideale Kurz- und Langzeitaufenthalt f\u00fcr Expats, Familien, Freunde und &#8222;stay-at-home&#8220;-G\u00e4ste, die gerne kochen und ein bisschen mehr Platz haben[\/et_pb_text][et_pb_button button_url=&#8220;https:\/\/thedukeapartments.nl\/en&#8220; url_new_window=&#8220;on&#8220; button_text=&#8220;mehr entdecken&#8220; button_alignment=&#8220;center&#8220; _builder_version=&#8220;4.18.0&#8243; _module_preset=&#8220;31b4f027-aaa0-4f2f-ae02-959764e19e4f&#8220; custom_button=&#8220;on&#8220; button_text_size=&#8220;14px&#8220; button_text_color=&#8220;#FFFFFF&#8220; button_bg_color=&#8220;rgba(246,242,235,0.75)&#8220; button_border_width=&#8220;0px&#8220; button_border_radius=&#8220;11px&#8220; button_letter_spacing=&#8220;2px&#8220; button_font=&#8220;Mukta|700||on|||||&#8220; custom_padding=&#8220;16px|24px|16px|24px|true|true&#8220; global_colors_info=&#8220;{}&#8220;][\/et_pb_button][\/et_pb_column][et_pb_column type=&#8220;1_2&#8243; _builder_version=&#8220;4.18.0&#8243; _module_preset=&#8220;default&#8220; use_background_color_gradient=&#8220;on&#8220; background_color_gradient_stops=&#8220;rgba(0,0,0,0.3) 0%|rgba(0,0,0,0.3) 100%&#8220; background_color_gradient_overlays_image=&#8220;on&#8220; background_image=&#8220;https:\/\/thedukehotel.nl\/wp-content\/uploads\/2022\/10\/image4.jpeg&#8220; custom_padding=&#8220;20%|4%|20%|4%|true|true&#8220; link_option_url=&#8220;https:\/\/littledukehotel.nl\/en&#8220; link_option_url_new_window=&#8220;on&#8220; global_colors_info=&#8220;{}&#8220; background__hover_enabled=&#8220;on|hover&#8220; background_color_gradient_stops__hover=&#8220;rgba(0,0,0,0.3) 0%|rgba(0,0,0,0.8) 100%&#8220; use_background_color_gradient__hover=&#8220;on&#8220;][et_pb_text content_tablet=&#8220;<\/p>\n<h3>little duke<\/h3>\n<p>&#8220; content_phone=&#8220;<\/p>\n<h3>little duke<\/h3>\n<p>&#8220; content_last_edited=&#8220;on|phone&#8220; _builder_version=&#8220;4.18.0&#8243; _module_preset=&#8220;aaa7c440-590a-4078-ae0c-0f3c699ac51c&#8220; header_font=&#8220;||||||||&#8220; header_3_font=&#8220;Migha|700||on|||||&#8220; header_3_text_color=&#8220;#F6F2EB&#8220; header_3_font_size=&#8220;16px&#8220; header_3_letter_spacing=&#8220;3px&#8220; header_3_line_height=&#8220;1.4em&#8220; text_orientation=&#8220;center&#8220; custom_padding=&#8220;0px||0px||true|false&#8220; custom_padding_tablet=&#8220;0px||0px||true|false&#8220; custom_padding_phone=&#8220;0px||0px||true|false&#8220; custom_padding_last_edited=&#8220;on|desktop&#8220; header_3_font_size_tablet=&#8220;20px&#8220; header_3_font_size_phone=&#8220;16px&#8220; header_3_font_size_last_edited=&#8220;on|phone&#8220; locked=&#8220;off&#8220; global_colors_info=&#8220;{}&#8220;]<\/p>\n<h3>little duke<\/h3>\n<p>[\/et_pb_text][et_pb_text content_tablet=&#8220;<\/p>\n<h3>klein aber fein<\/h3>\n<p>&#8220; content_phone=&#8220;<\/p>\n<h3>klein aber fein<\/h3>\n<p>&#8220; content_last_edited=&#8220;on|desktop&#8220; _builder_version=&#8220;4.18.0&#8243; _module_preset=&#8220;aaa7c440-590a-4078-ae0c-0f3c699ac51c&#8220; header_font=&#8220;||||||||&#8220; header_3_font=&#8220;Mukta|700||on|||||&#8220; header_3_text_color=&#8220;#F6F2EB&#8220; header_3_font_size=&#8220;14px&#8220; header_3_letter_spacing=&#8220;3px&#8220; header_3_line_height=&#8220;1.4em&#8220; text_orientation=&#8220;center&#8220; custom_padding=&#8220;0px||20px||false|false&#8220; header_3_font_size_tablet=&#8220;20px&#8220; header_3_font_size_phone=&#8220;16px&#8220; header_3_font_size_last_edited=&#8220;on|phone&#8220; locked=&#8220;off&#8220; global_colors_info=&#8220;{}&#8220;]<\/p>\n<h3>klein aber fein<\/h3>\n<p>[\/et_pb_text][et_pb_text _builder_version=&#8220;4.18.0&#8243; _module_preset=&#8220;1f09816e-184e-4ce5-a4cf-b39c52c423ca&#8220; text_font=&#8220;Mukta||||||||&#8220; text_text_color=&#8220;#FFFFFF&#8220; text_font_size=&#8220;12px&#8220; text_line_height=&#8220;1.8em&#8220; text_orientation=&#8220;center&#8220; custom_margin=&#8220;||50px|||&#8220; text_font_size_tablet=&#8220;15px&#8220; text_font_size_phone=&#8220;14px&#8220; text_font_size_last_edited=&#8220;on|phone&#8220; header_font_size_tablet=&#8220;55px&#8220; header_font_size_last_edited=&#8220;off|desktop&#8220; global_colors_info=&#8220;{}&#8220;]16 gem\u00fctliche Zimmer, direkt gegen\u00fcber dem ber\u00fchmten K\u00f6nig des Geb\u00e4cks: &#8218;Jan de Groot&#8216; und dem Hauptbahnhof. Die Mischung aus kleinen, aber gem\u00fctlichen Zimmern und einem hypermodernen Self-Check-in-Konzept f\u00fchrte zur Geburt des geldb\u00f6rsenfreundlichsten Refugiums im Herzen der Stadt. [\/et_pb_text][et_pb_button button_url=&#8220;https:\/\/littledukehotel.nl\/en&#8220; url_new_window=&#8220;on&#8220; button_text=&#8220;mehr entdecken&#8220; button_alignment=&#8220;center&#8220; _builder_version=&#8220;4.18.0&#8243; _module_preset=&#8220;31b4f027-aaa0-4f2f-ae02-959764e19e4f&#8220; custom_button=&#8220;on&#8220; button_text_size=&#8220;14px&#8220; button_text_color=&#8220;#FFFFFF&#8220; button_bg_color=&#8220;rgba(246,242,235,0.75)&#8220; button_border_width=&#8220;0px&#8220; button_border_radius=&#8220;11px&#8220; button_letter_spacing=&#8220;2px&#8220; button_font=&#8220;Mukta|700||on|||||&#8220; custom_padding=&#8220;16px|24px|16px|24px|true|true&#8220; global_colors_info=&#8220;{}&#8220;][\/et_pb_button][\/et_pb_column][\/et_pb_row][\/et_pb_section][et_pb_section fb_built=&#8220;1&#8243; admin_label=&#8220;Neighborhoods&#8220; _builder_version=&#8220;4.18.0&#8243; _module_preset=&#8220;default&#8220; background_color=&#8220;#898372&#8243; custom_padding=&#8220;70px||70px||true|false&#8220; global_colors_info=&#8220;{}&#8220;][et_pb_row _builder_version=&#8220;4.18.0&#8243; _module_preset=&#8220;default&#8220; global_colors_info=&#8220;{}&#8220;][et_pb_column type=&#8220;4_4&#8243; _builder_version=&#8220;4.18.0&#8243; _module_preset=&#8220;default&#8220; global_colors_info=&#8220;{}&#8220;][et_pb_image src=&#8220;https:\/\/thedukehotel.nl\/wp-content\/uploads\/2022\/09\/Dot_The-Duke-56.png&#8220; title_text=&#8220;.&#8220; align=&#8220;center&#8220; _builder_version=&#8220;4.18.0&#8243; _module_preset=&#8220;default&#8220; width=&#8220;3%&#8220; width_tablet=&#8220;&#8220; width_phone=&#8220;13%&#8220; width_last_edited=&#8220;on|phone&#8220; global_colors_info=&#8220;{}&#8220;][\/et_pb_image][et_pb_text _builder_version=&#8220;4.18.0&#8243; _module_preset=&#8220;e6504a1b-67eb-4b3d-b023-bcab277610b6&#8243; text_font=&#8220;Migha||||||||&#8220; text_text_color=&#8220;#F6F2EB&#8220; text_letter_spacing=&#8220;2px&#8220; text_line_height=&#8220;3em&#8220; header_4_font=&#8220;Mukta|700||on|||||&#8220; header_4_text_align=&#8220;center&#8220; header_4_text_color=&#8220;#FFFFFF&#8220; header_4_font_size=&#8220;16px&#8220; header_4_letter_spacing=&#8220;3px&#8220; header_4_line_height=&#8220;1.5em&#8220; text_orientation=&#8220;center&#8220; custom_margin=&#8220;||0px||false|false&#8220; locked=&#8220;off&#8220; global_colors_info=&#8220;{}&#8220;]<\/p>\n<h4>Ein Ort, der Innenarchitekten sehr gl\u00fccklich machen wird<\/h4>\n<p><em>&#8211; Kleines schwarzes Buch<\/em>[\/et_pb_text][\/et_pb_column][\/et_pb_row][\/et_pb_section][et_pb_section fb_built=&#8220;1&#8243; admin_label=&#8220;Testimonials&#8220; _builder_version=&#8220;4.18.0&#8243; _module_preset=&#8220;default&#8220; background_color=&#8220;#F6F2EB&#8220; locked=&#8220;off&#8220; collapsed=&#8220;on&#8220; global_colors_info=&#8220;{}&#8220;][et_pb_row _builder_version=&#8220;4.18.0&#8243; _module_preset=&#8220;default&#8220; locked=&#8220;off&#8220; global_colors_info=&#8220;{}&#8220;][et_pb_column type=&#8220;4_4&#8243; _builder_version=&#8220;4.18.0&#8243; _module_preset=&#8220;default&#8220; global_colors_info=&#8220;{}&#8220;][et_pb_text _builder_version=&#8220;4.18.0&#8243; _module_preset=&#8220;e6504a1b-67eb-4b3d-b023-bcab277610b6&#8243; header_4_font=&#8220;Mukta|700||on|||||&#8220; header_4_text_align=&#8220;center&#8220; header_4_text_color=&#8220;#898372&#8243; header_4_font_size=&#8220;14px&#8220; header_4_letter_spacing=&#8220;3px&#8220; header_4_line_height=&#8220;1.5em&#8220; custom_margin=&#8220;||0px||false|false&#8220; locked=&#8220;off&#8220; global_colors_info=&#8220;{}&#8220;]<\/p>\n<h4>Sie sagten<\/h4>\n<p>[\/et_pb_text][\/et_pb_column][\/et_pb_row][et_pb_row column_structure=&#8220;1_3,1_3,1_3&#8243; _builder_version=&#8220;4.18.0&#8243; _module_preset=&#8220;default&#8220; max_width=&#8220;none&#8220; global_colors_info=&#8220;{}&#8220;][et_pb_column type=&#8220;1_3&#8243; _builder_version=&#8220;4.18.0&#8243; _module_preset=&#8220;default&#8220; global_colors_info=&#8220;{}&#8220;][et_pb_text _builder_version=&#8220;4.18.0&#8243; _module_preset=&#8220;f726c6b6-2fde-4699-9f43-6b2cebd4d1d9&#8243; header_5_font=&#8220;Migha|700|||||||&#8220; header_5_text_color=&#8220;#000000&#8243; header_5_font_size=&#8220;14px&#8220; header_5_line_height=&#8220;1.4em&#8220; text_orientation=&#8220;center&#8220; custom_margin=&#8220;||0px||false|false&#8220; header_5_font_size_tablet=&#8220;16px&#8220; header_5_font_size_phone=&#8220;14px&#8220; header_5_font_size_last_edited=&#8220;on|desktop&#8220; global_colors_info=&#8220;{}&#8220;]<\/p>\n<h5>Bruno<\/h5>\n<p>[\/et_pb_text][et_pb_text _builder_version=&#8220;4.18.0&#8243; _module_preset=&#8220;1f09816e-184e-4ce5-a4cf-b39c52c423ca&#8220; text_font=&#8220;Mukta||on||||||&#8220; text_text_color=&#8220;#000000&#8243; text_font_size=&#8220;16px&#8220; text_line_height=&#8220;1.8em&#8220; text_orientation=&#8220;center&#8220; text_font_size_tablet=&#8220;15px&#8220; text_font_size_phone=&#8220;14px&#8220; text_font_size_last_edited=&#8220;on|phone&#8220; header_font_size_tablet=&#8220;55px&#8220; header_font_size_last_edited=&#8220;off|desktop&#8220; global_colors_info=&#8220;{}&#8220;]Wir bekamen ein Upgrade auf die Balkon-Suite, die eine kleine Terrasse mit herrlicher Aussicht bietet, auf der man zu zweit zu Abend essen oder &#8211; toll &#8211; fr\u00fchst\u00fccken kann. Das Bett ist fabelhaft, die Dusche herrlich, ein Ort, an dem man Stunden verbringen k\u00f6nnte. Der perfekte Ort f\u00fcr einen Kurztrip zu zweit.[\/et_pb_text][\/et_pb_column][et_pb_column type=&#8220;1_3&#8243; _builder_version=&#8220;4.18.0&#8243; _module_preset=&#8220;default&#8220; global_colors_info=&#8220;{}&#8220;][et_pb_text _builder_version=&#8220;4.18.0&#8243; _module_preset=&#8220;f726c6b6-2fde-4699-9f43-6b2cebd4d1d9&#8243; header_5_font=&#8220;Migha|700|||||||&#8220; header_5_text_color=&#8220;#000000&#8243; header_5_font_size=&#8220;14px&#8220; header_5_line_height=&#8220;1.4em&#8220; text_orientation=&#8220;center&#8220; custom_margin=&#8220;||0px||false|false&#8220; header_5_font_size_tablet=&#8220;16px&#8220; header_5_font_size_phone=&#8220;14px&#8220; header_5_font_size_last_edited=&#8220;on|desktop&#8220; global_colors_info=&#8220;{}&#8220;]<\/p>\n<h5>Gavin<\/h5>\n<p>[\/et_pb_text][et_pb_text _builder_version=&#8220;4.18.0&#8243; _module_preset=&#8220;1f09816e-184e-4ce5-a4cf-b39c52c423ca&#8220; text_font=&#8220;Mukta||||||||&#8220; text_text_color=&#8220;#000000&#8243; text_font_size=&#8220;16px&#8220; text_line_height=&#8220;1.8em&#8220; text_orientation=&#8220;center&#8220; text_font_size_tablet=&#8220;15px&#8220; text_font_size_phone=&#8220;14px&#8220; text_font_size_last_edited=&#8220;on|phone&#8220; header_font_size_tablet=&#8220;55px&#8220; header_font_size_last_edited=&#8220;off|desktop&#8220; global_colors_info=&#8220;{}&#8220;]<\/p>\n<p><em>Wir waren vor 2 Wochen f\u00fcr 2 N\u00e4chte in diesem Hotel. Es ist ein sch\u00f6nes Boutique-Hotel und liegt sehr zentral, so dass man alles zu Fu\u00df erreichen kann. Das Zimmer ist sehr gut eingerichtet und das Bett und die Kissen sind zum Sterben sch\u00f6n, so bequem, dass man mit dem Kopf in den Kissen schmilzt! Sehr empfehlenswert, denn wir h\u00e4tten uns nicht mehr w\u00fcnschen k\u00f6nnen. Ein sch\u00f6ner Aufenthalt f\u00fcr 2 N\u00e4chte!<\/em><\/p>\n<p>[\/et_pb_text][\/et_pb_column][et_pb_column type=&#8220;1_3&#8243; _builder_version=&#8220;4.18.0&#8243; _module_preset=&#8220;default&#8220; global_colors_info=&#8220;{}&#8220;][et_pb_text _builder_version=&#8220;4.18.0&#8243; _module_preset=&#8220;f726c6b6-2fde-4699-9f43-6b2cebd4d1d9&#8243; header_5_font=&#8220;Migha|700|||||||&#8220; header_5_text_color=&#8220;#000000&#8243; header_5_font_size=&#8220;14px&#8220; header_5_line_height=&#8220;1.4em&#8220; text_orientation=&#8220;center&#8220; custom_margin=&#8220;||0px||false|false&#8220; header_5_font_size_tablet=&#8220;16px&#8220; header_5_font_size_phone=&#8220;14px&#8220; header_5_font_size_last_edited=&#8220;on|desktop&#8220; locked=&#8220;off&#8220; global_colors_info=&#8220;{}&#8220;]<\/p>\n<h5>Stephen<\/h5>\n<p>[\/et_pb_text][et_pb_text _builder_version=&#8220;4.18.0&#8243; _module_preset=&#8220;1f09816e-184e-4ce5-a4cf-b39c52c423ca&#8220; text_font=&#8220;Mukta||||||||&#8220; text_text_color=&#8220;#000000&#8243; text_font_size=&#8220;16px&#8220; text_line_height=&#8220;1.8em&#8220; text_orientation=&#8220;center&#8220; text_font_size_tablet=&#8220;15px&#8220; text_font_size_phone=&#8220;14px&#8220; text_font_size_last_edited=&#8220;on|phone&#8220; header_font_size_tablet=&#8220;55px&#8220; header_font_size_last_edited=&#8220;off|desktop&#8220; locked=&#8220;off&#8220; global_colors_info=&#8220;{}&#8220;]<\/p>\n<p><em>Ich habe dieses Hotel geliebt, sehr boutique. Die Zimmer sind recht gro\u00df mit einem gro\u00dfen, bequemen Bett, Bad und Dusche sind gro\u00dfartig, die Rezeption befindet sich oben in der Restaurantbar, sehr entspannt, aber effizient. Das Fr\u00fchst\u00fcck war hervorragend, die Eier wurden nach Wunsch zubereitet und es gab eine gute Auswahl an Speisen. Das Hotel ist gut gelegen, gleich um die Ecke der fantastischen Stra\u00dfe mit erstklassigen Restaurants.<\/em><\/p>\n<p>[\/et_pb_text][\/et_pb_column][\/et_pb_row][\/et_pb_section]<\/p>\n","protected":false},"excerpt":{"rendered":"<p>the duke apartmentshome away from home&#8220;A home away from home&#8220; Sechs voll ausgestattete Design-Apartments im Herzen unseres historischen Zentrums, die Erweiterung des The Duke Hotel. Der ideale Kurz- und Langzeitaufenthalt f\u00fcr Expats, Familien, Freunde und &#8222;stay-at-home&#8220;-G\u00e4ste, die gerne kochen und ein bisschen mehr Platz habenlittle dukeklein aber fein16 gem\u00fctliche Zimmer, direkt gegen\u00fcber dem ber\u00fchmten K\u00f6nig [&hellip;]<\/p>\n","protected":false},"author":2,"featured_media":0,"parent":0,"menu_order":0,"comment_status":"closed","ping_status":"closed","template":"","meta":{"_et_pb_use_builder":"on","_et_pb_old_content":"","_et_gb_content_width":"","om_disable_all_campaigns":false,"_uf_show_specific_survey":0,"_uf_disable_surveys":false,"footnotes":""},"class_list":["post-1032","page","type-page","status-publish","hentry"],"aioseo_notices":[],"yoast_head":"<!-- This site is optimized with the Yoast SEO plugin v26.7 - https:\/\/yoast.com\/wordpress\/plugins\/seo\/ -->\n<title>Standorte - The Duke Hotel<\/title>\n<meta name=\"description\" content=\"Unsere Luxus-Locations, The Duke Hotel, The Little Duke Hotel &amp; The June Benissa Alle Hotels sind einzigartig und besonders.\" \/>\n<meta name=\"robots\" content=\"index, follow, max-snippet:-1, max-image-preview:large, max-video-preview:-1\" \/>\n<link rel=\"canonical\" href=\"https:\/\/thedukehotel.nl\/en\/locations\/\" \/>\n<meta property=\"og:locale\" content=\"de_DE\" \/>\n<meta property=\"og:type\" content=\"article\" \/>\n<meta property=\"og:title\" content=\"Standorte - The Duke Hotel\" \/>\n<meta property=\"og:description\" content=\"Unsere Luxus-Locations, The Duke Hotel, The Little Duke Hotel &amp; The June Benissa Alle Hotels sind einzigartig und besonders.\" \/>\n<meta property=\"og:url\" content=\"https:\/\/thedukehotel.nl\/en\/locations\/\" \/>\n<meta property=\"og:site_name\" content=\"The Duke Hotel\" \/>\n<meta property=\"article:publisher\" content=\"https:\/\/www.facebook.com\/thedukeboutiquehotel\" \/>\n<meta property=\"article:modified_time\" content=\"2023-08-20T14:57:59+00:00\" \/>\n<meta name=\"twitter:card\" content=\"summary_large_image\" \/>\n<meta name=\"twitter:label1\" content=\"Gesch\u00e4tzte Lesezeit\" \/>\n\t<meta name=\"twitter:data1\" content=\"10\u00a0Minuten\" \/>\n<script type=\"application\/ld+json\" class=\"yoast-schema-graph\">{\"@context\":\"https:\/\/schema.org\",\"@graph\":[{\"@type\":\"WebPage\",\"@id\":\"https:\/\/thedukehotel.nl\/en\/locations\/\",\"url\":\"https:\/\/thedukehotel.nl\/en\/locations\/\",\"name\":\"Standorte - The Duke Hotel\",\"isPartOf\":{\"@id\":\"https:\/\/thedukehotel.nl\/#website\"},\"datePublished\":\"2022-09-06T14:31:29+00:00\",\"dateModified\":\"2023-08-20T14:57:59+00:00\",\"description\":\"Unsere Luxus-Locations, The Duke Hotel, The Little Duke Hotel & The June Benissa Alle Hotels sind einzigartig und besonders.\",\"breadcrumb\":{\"@id\":\"https:\/\/thedukehotel.nl\/en\/locations\/#breadcrumb\"},\"inLanguage\":\"de\",\"potentialAction\":[{\"@type\":\"ReadAction\",\"target\":[\"https:\/\/thedukehotel.nl\/en\/locations\/\"]}]},{\"@type\":\"BreadcrumbList\",\"@id\":\"https:\/\/thedukehotel.nl\/en\/locations\/#breadcrumb\",\"itemListElement\":[{\"@type\":\"ListItem\",\"position\":1,\"name\":\"Home\",\"item\":\"https:\/\/thedukehotel.nl\/de\/\"},{\"@type\":\"ListItem\",\"position\":2,\"name\":\"Standorte\"}]},{\"@type\":\"WebSite\",\"@id\":\"https:\/\/thedukehotel.nl\/#website\",\"url\":\"https:\/\/thedukehotel.nl\/\",\"name\":\"The Duke Hotel\",\"description\":\"Touch Down in Duke Town\",\"publisher\":{\"@id\":\"https:\/\/thedukehotel.nl\/#organization\"},\"potentialAction\":[{\"@type\":\"SearchAction\",\"target\":{\"@type\":\"EntryPoint\",\"urlTemplate\":\"https:\/\/thedukehotel.nl\/?s={search_term_string}\"},\"query-input\":{\"@type\":\"PropertyValueSpecification\",\"valueRequired\":true,\"valueName\":\"search_term_string\"}}],\"inLanguage\":\"de\"},{\"@type\":\"Organization\",\"@id\":\"https:\/\/thedukehotel.nl\/#organization\",\"name\":\"The Duke Hotel\",\"url\":\"https:\/\/thedukehotel.nl\/\",\"logo\":{\"@type\":\"ImageObject\",\"inLanguage\":\"de\",\"@id\":\"https:\/\/thedukehotel.nl\/#\/schema\/logo\/image\/\",\"url\":\"https:\/\/thedukehotel.nl\/wp-content\/uploads\/2022\/08\/Main-Logo_The-Duke-02.png\",\"contentUrl\":\"https:\/\/thedukehotel.nl\/wp-content\/uploads\/2022\/08\/Main-Logo_The-Duke-02.png\",\"width\":2251,\"height\":1667,\"caption\":\"The Duke Hotel\"},\"image\":{\"@id\":\"https:\/\/thedukehotel.nl\/#\/schema\/logo\/image\/\"},\"sameAs\":[\"https:\/\/www.facebook.com\/thedukeboutiquehotel\",\"https:\/\/www.instagram.com\/thedukeboutiquehotel\/\"]}]}<\/script>\n<!-- \/ Yoast SEO plugin. -->","yoast_head_json":{"title":"Standorte - The Duke Hotel","description":"Unsere Luxus-Locations, The Duke Hotel, The Little Duke Hotel & The June Benissa Alle Hotels sind einzigartig und besonders.","robots":{"index":"index","follow":"follow","max-snippet":"max-snippet:-1","max-image-preview":"max-image-preview:large","max-video-preview":"max-video-preview:-1"},"canonical":"https:\/\/thedukehotel.nl\/en\/locations\/","og_locale":"de_DE","og_type":"article","og_title":"Standorte - The Duke Hotel","og_description":"Unsere Luxus-Locations, The Duke Hotel, The Little Duke Hotel & The June Benissa Alle Hotels sind einzigartig und besonders.","og_url":"https:\/\/thedukehotel.nl\/en\/locations\/","og_site_name":"The Duke Hotel","article_publisher":"https:\/\/www.facebook.com\/thedukeboutiquehotel","article_modified_time":"2023-08-20T14:57:59+00:00","twitter_card":"summary_large_image","twitter_misc":{"Gesch\u00e4tzte Lesezeit":"10\u00a0Minuten"},"schema":{"@context":"https:\/\/schema.org","@graph":[{"@type":"WebPage","@id":"https:\/\/thedukehotel.nl\/en\/locations\/","url":"https:\/\/thedukehotel.nl\/en\/locations\/","name":"Standorte - The Duke Hotel","isPartOf":{"@id":"https:\/\/thedukehotel.nl\/#website"},"datePublished":"2022-09-06T14:31:29+00:00","dateModified":"2023-08-20T14:57:59+00:00","description":"Unsere Luxus-Locations, The Duke Hotel, The Little Duke Hotel & The June Benissa Alle Hotels sind einzigartig und besonders.","breadcrumb":{"@id":"https:\/\/thedukehotel.nl\/en\/locations\/#breadcrumb"},"inLanguage":"de","potentialAction":[{"@type":"ReadAction","target":["https:\/\/thedukehotel.nl\/en\/locations\/"]}]},{"@type":"BreadcrumbList","@id":"https:\/\/thedukehotel.nl\/en\/locations\/#breadcrumb","itemListElement":[{"@type":"ListItem","position":1,"name":"Home","item":"https:\/\/thedukehotel.nl\/de\/"},{"@type":"ListItem","position":2,"name":"Standorte"}]},{"@type":"WebSite","@id":"https:\/\/thedukehotel.nl\/#website","url":"https:\/\/thedukehotel.nl\/","name":"The Duke Hotel","description":"Touch Down in Duke Town","publisher":{"@id":"https:\/\/thedukehotel.nl\/#organization"},"potentialAction":[{"@type":"SearchAction","target":{"@type":"EntryPoint","urlTemplate":"https:\/\/thedukehotel.nl\/?s={search_term_string}"},"query-input":{"@type":"PropertyValueSpecification","valueRequired":true,"valueName":"search_term_string"}}],"inLanguage":"de"},{"@type":"Organization","@id":"https:\/\/thedukehotel.nl\/#organization","name":"The Duke Hotel","url":"https:\/\/thedukehotel.nl\/","logo":{"@type":"ImageObject","inLanguage":"de","@id":"https:\/\/thedukehotel.nl\/#\/schema\/logo\/image\/","url":"https:\/\/thedukehotel.nl\/wp-content\/uploads\/2022\/08\/Main-Logo_The-Duke-02.png","contentUrl":"https:\/\/thedukehotel.nl\/wp-content\/uploads\/2022\/08\/Main-Logo_The-Duke-02.png","width":2251,"height":1667,"caption":"The Duke Hotel"},"image":{"@id":"https:\/\/thedukehotel.nl\/#\/schema\/logo\/image\/"},"sameAs":["https:\/\/www.facebook.com\/thedukeboutiquehotel","https:\/\/www.instagram.com\/thedukeboutiquehotel\/"]}]}},"_links":{"self":[{"href":"https:\/\/thedukehotel.nl\/de\/wp-json\/wp\/v2\/pages\/1032","targetHints":{"allow":["GET"]}}],"collection":[{"href":"https:\/\/thedukehotel.nl\/de\/wp-json\/wp\/v2\/pages"}],"about":[{"href":"https:\/\/thedukehotel.nl\/de\/wp-json\/wp\/v2\/types\/page"}],"author":[{"embeddable":true,"href":"https:\/\/thedukehotel.nl\/de\/wp-json\/wp\/v2\/users\/2"}],"replies":[{"embeddable":true,"href":"https:\/\/thedukehotel.nl\/de\/wp-json\/wp\/v2\/comments?post=1032"}],"version-history":[{"count":16,"href":"https:\/\/thedukehotel.nl\/de\/wp-json\/wp\/v2\/pages\/1032\/revisions"}],"predecessor-version":[{"id":2211,"href":"https:\/\/thedukehotel.nl\/de\/wp-json\/wp\/v2\/pages\/1032\/revisions\/2211"}],"wp:attachment":[{"href":"https:\/\/thedukehotel.nl\/de\/wp-json\/wp\/v2\/media?parent=1032"}],"curies":[{"name":"wp","href":"https:\/\/api.w.org\/{rel}","templated":true}]}}